{"id":455,"date":"2025-05-23T13:59:52","date_gmt":"2025-05-23T13:59:52","guid":{"rendered":"https:\/\/amothrif.is\/?page_id=455"},"modified":"2025-05-27T21:45:10","modified_gmt":"2025-05-27T21:45:10","slug":"um-okkur","status":"publish","type":"page","link":"https:\/\/amothrif.is\/en\/um-okkur\/","title":{"rendered":"About Us"},"content":{"rendered":"<div data-elementor-type=\"wp-page\" data-elementor-id=\"455\" class=\"elementor elementor-455\">\n\t\t\t\t<div class=\"elementor-element elementor-element-060abd8 e-flex e-con-boxed e-con e-parent\" data-id=\"060abd8\" data-element_type=\"container\">\n\t\t\t\t\t<div class=\"e-con-inner\">\n\t\t<div class=\"elementor-element elementor-element-aa25be8 e-con-full e-flex e-con e-child\" data-id=\"aa25be8\" data-element_type=\"container\" data-settings=\"{&quot;background_background&quot;:&quot;classic&quot;}\">\n\t\t\t\t<div class=\"elementor-element elementor-element-ac22cef elementor-widget elementor-widget-heading\" data-id=\"ac22cef\" data-element_type=\"widget\" data-widget_type=\"heading.default\">\n\t\t\t\t<div class=\"elementor-widget-container\">\n\t\t\t\t\t<h2 class=\"elementor-heading-title elementor-size-default\">Why Choose AMO \u00ferif?\n<\/h2>\t\t\t\t<\/div>\n\t\t\t\t<\/div>\n\t\t\t\t<div class=\"elementor-element elementor-element-93e3cd2 elementor-widget elementor-widget-text-editor\" data-id=\"93e3cd2\" data-element_type=\"widget\" data-widget_type=\"text-editor.default\">\n\t\t\t\t<div class=\"elementor-widget-container\">\n\t\t\t\t\t\t\t\t\t<p>AMO \u00ferif is a small company where customer satisfaction matters most. We don\u2019t work by the clock - we won\u2019t leave until the job is done. For us, quality matters more than speed. We have years of experience in helping people enjoy neat and cosy surroundings - both at home and at work. We take pride in the details and build warm, trusting relationships with our clients.<\/p><p>AMO \u00ferif er l\u00edti\u00f0 fyrirt\u00e6ki \u00fear sem \u00e1n\u00e6gja vi\u00f0skiptavina skiptir mestu m\u00e1li. Vi\u00f0 vinnum ekki eftir klukkunni \u2013 vi\u00f0 f\u00f6rum ekki fyrr en verki\u00f0 er fullunni\u00f0. Fyrir okkur skiptir g\u00e6\u00f0i meira m\u00e1li en hra\u00f0i. Vi\u00f0 h\u00f6fum margra \u00e1ra reynslu af \u00fev\u00ed a\u00f0 hj\u00e1lpa f\u00f3lki a\u00f0 nj\u00f3ta snyrtilegs og hl\u00fdlegs umhverfis \u2013 b\u00e6\u00f0i heima og \u00ed vinnu. Vi\u00f0 leggjum metna\u00f0 \u00ed sm\u00e1atri\u00f0in og byggjum upp hl\u00fd og traust samb\u00f6nd vi\u00f0 vi\u00f0skiptavini okkar.<\/p>\t\t\t\t\t\t\t\t<\/div>\n\t\t\t\t<\/div>\n\t\t\t\t<div class=\"elementor-element elementor-element-22981ca elementor-widget elementor-widget-text-editor\" data-id=\"22981ca\" data-element_type=\"widget\" data-widget_type=\"text-editor.default\">\n\t\t\t\t<div class=\"elementor-widget-container\">\n\t\t\t\t\t\t\t\t\t<p>By choosing AMO \u00ferif, you receive:<\/p><ul><li>Reliable and high\u2011quality service<\/li><li>Experience and professionalism you can trust<\/li><li>People who show respect and warmth<\/li><li>Flexibility and services tailored to your needs<\/li><li>Cleaning that creates comfort and peace of mind<\/li><\/ul>\t\t\t\t\t\t\t\t<\/div>\n\t\t\t\t<\/div>\n\t\t\t\t<\/div>\n\t\t<div class=\"elementor-element elementor-element-c3ad1ed e-con-full e-flex e-con e-child\" data-id=\"c3ad1ed\" data-element_type=\"container\">\n\t\t\t\t<div class=\"elementor-element elementor-element-50c6b20 elementor-widget elementor-widget-image\" data-id=\"50c6b20\" data-element_type=\"widget\" data-widget_type=\"image.default\">\n\t\t\t\t<div class=\"elementor-widget-container\">\n\t\t\t\t\t\t\t\t\t\t\t\t\t\t\t<img decoding=\"async\" src=\"https:\/\/amothrif.is\/wp-content\/uploads\/2025\/05\/cleaning.webp\" title=\"cleaning\" alt=\"cleaning\" loading=\"lazy\" \/>\t\t\t\t\t\t\t\t\t\t\t\t\t\t\t<\/div>\n\t\t\t\t<\/div>\n\t\t\t\t<div class=\"elementor-element elementor-element-6e2a9a2 elementor-widget elementor-widget-text-editor\" data-id=\"6e2a9a2\" data-element_type=\"widget\" data-widget_type=\"text-editor.default\">\n\t\t\t\t<div class=\"elementor-widget-container\">\n\t\t\t\t\t\t\t\t\t<p>We\u2019re here to make your life easier with a cleaner and better environment.<\/p><p>We look forward to getting to know you! \ud83e\udd17<\/p>\t\t\t\t\t\t\t\t<\/div>\n\t\t\t\t<\/div>\n\t\t\t\t<div class=\"elementor-element elementor-element-80b83cf elementor-invisible elementor-widget elementor-widget-button\" data-id=\"80b83cf\" data-element_type=\"widget\" data-settings=\"{&quot;_animation&quot;:&quot;zoomIn&quot;}\" data-widget_type=\"button.default\">\n\t\t\t\t<div class=\"elementor-widget-container\">\n\t\t\t\t\t\t\t\t\t<div class=\"elementor-button-wrapper\">\n\t\t\t\t\t<a class=\"elementor-button elementor-button-link elementor-size-sm\" href=\"https:\/\/amothrif.is\/en\/#contact\">\n\t\t\t\t\t\t<span class=\"elementor-button-content-wrapper\">\n\t\t\t\t\t\t<span class=\"elementor-button-icon\">\n\t\t\t\t<svg aria-hidden=\"true\" class=\"e-font-icon-svg e-fas-long-arrow-alt-right\" viewbox=\"0 0 448 512\" xmlns=\"http:\/\/www.w3.org\/2000\/svg\"><path d=\"M313.941 216H12c-6.627 0-12 5.373-12 12v56c0 6.627 5.373 12 12 12h301.941v46.059c0 21.382 25.851 32.09 40.971 16.971l86.059-86.059c9.373-9.373 9.373-24.569 0-33.941l-86.059-86.059c-15.119-15.119-40.971-4.411-40.971 16.971V216z\"><\/path><\/svg>\t\t\t<\/span>\n\t\t\t\t\t\t\t\t\t<span class=\"elementor-button-text\">Book a Cleaning<\/span>\n\t\t\t\t\t<\/span>\n\t\t\t\t\t<\/a>\n\t\t\t\t<\/div>\n\t\t\t\t\t\t\t\t<\/div>\n\t\t\t\t<\/div>\n\t\t\t\t<\/div>\n\t\t\t\t\t<\/div>\n\t\t\t\t<\/div>\n\t\t\t\t<\/div>","protected":false},"excerpt":{"rendered":"<p>Af hverju a\u00f0 velja AMO \u00ferif? Vi\u00f0 tr\u00faum \u00fev\u00ed a\u00f0 hreint umhverfi skapi betri l\u00ed\u00f0an, meiri r\u00f3 og fallegra heimili. \u00derif eru ekki bara vinna fyrir okkur \u2013 \u00feetta er \u00e1str\u00ed\u00f0a okkar og fag\u00feekking. AMO \u00ferif er l\u00edti\u00f0 fyrirt\u00e6ki \u00fear sem \u00e1n\u00e6gja vi\u00f0skiptavina skiptir mestu m\u00e1li. Vi\u00f0 vinnum ekki eftir klukkunni \u2013 vi\u00f0 f\u00f6rum ekki [&hellip;]<\/p>","protected":false},"author":1,"featured_media":0,"parent":0,"menu_order":0,"comment_status":"closed","ping_status":"closed","template":"","meta":{"footnotes":""},"class_list":["post-455","page","type-page","status-publish","hentry"],"blocksy_meta":[],"yoast_head":"<!-- This site is optimized with the Yoast SEO plugin v25.9 - https:\/\/yoast.com\/wordpress\/plugins\/seo\/ -->\n<title>Um okkur - AMO \u00ferif<\/title>\n<meta name=\"robots\" content=\"index, follow, max-snippet:-1, max-image-preview:large, max-video-preview:-1\" \/>\n<link rel=\"canonical\" href=\"https:\/\/amothrif.is\/en\/um-okkur\/\" \/>\n<meta property=\"og:locale\" content=\"en_GB\" \/>\n<meta property=\"og:type\" content=\"article\" \/>\n<meta property=\"og:title\" content=\"Um okkur - AMO \u00ferif\" \/>\n<meta property=\"og:description\" content=\"Af hverju a\u00f0 velja AMO \u00ferif? Vi\u00f0 tr\u00faum \u00fev\u00ed a\u00f0 hreint umhverfi skapi betri l\u00ed\u00f0an, meiri r\u00f3 og fallegra heimili. \u00derif eru ekki bara vinna fyrir okkur \u2013 \u00feetta er \u00e1str\u00ed\u00f0a okkar og fag\u00feekking. AMO \u00ferif er l\u00edti\u00f0 fyrirt\u00e6ki \u00fear sem \u00e1n\u00e6gja vi\u00f0skiptavina skiptir mestu m\u00e1li. Vi\u00f0 vinnum ekki eftir klukkunni \u2013 vi\u00f0 f\u00f6rum ekki [&hellip;]\" \/>\n<meta property=\"og:url\" content=\"https:\/\/amothrif.is\/en\/um-okkur\/\" \/>\n<meta property=\"og:site_name\" content=\"AMO \u00ferif\" \/>\n<meta property=\"article:modified_time\" content=\"2025-05-27T21:45:10+00:00\" \/>\n<meta property=\"og:image\" content=\"https:\/\/amothrif.is\/wp-content\/uploads\/2025\/05\/cleaning.webp\" \/>\n<meta name=\"twitter:card\" content=\"summary_large_image\" \/>\n<meta name=\"twitter:label1\" content=\"Estimated reading time\" \/>\n\t<meta name=\"twitter:data1\" content=\"2 minutes\" \/>\n<script type=\"application\/ld+json\" class=\"yoast-schema-graph\">{\"@context\":\"https:\/\/schema.org\",\"@graph\":[{\"@type\":\"WebPage\",\"@id\":\"https:\/\/amothrif.is\/um-okkur\/\",\"url\":\"https:\/\/amothrif.is\/um-okkur\/\",\"name\":\"Um okkur - AMO \u00ferif\",\"isPartOf\":{\"@id\":\"https:\/\/amothrif.is\/#website\"},\"primaryImageOfPage\":{\"@id\":\"https:\/\/amothrif.is\/um-okkur\/#primaryimage\"},\"image\":{\"@id\":\"https:\/\/amothrif.is\/um-okkur\/#primaryimage\"},\"thumbnailUrl\":\"https:\/\/amothrif.is\/wp-content\/uploads\/2025\/05\/cleaning.webp\",\"datePublished\":\"2025-05-23T13:59:52+00:00\",\"dateModified\":\"2025-05-27T21:45:10+00:00\",\"breadcrumb\":{\"@id\":\"https:\/\/amothrif.is\/um-okkur\/#breadcrumb\"},\"inLanguage\":\"en-GB\",\"potentialAction\":[{\"@type\":\"ReadAction\",\"target\":[\"https:\/\/amothrif.is\/um-okkur\/\"]}]},{\"@type\":\"ImageObject\",\"inLanguage\":\"en-GB\",\"@id\":\"https:\/\/amothrif.is\/um-okkur\/#primaryimage\",\"url\":\"https:\/\/amothrif.is\/wp-content\/uploads\/2025\/05\/cleaning.webp\",\"contentUrl\":\"https:\/\/amothrif.is\/wp-content\/uploads\/2025\/05\/cleaning.webp\"},{\"@type\":\"BreadcrumbList\",\"@id\":\"https:\/\/amothrif.is\/um-okkur\/#breadcrumb\",\"itemListElement\":[{\"@type\":\"ListItem\",\"position\":1,\"name\":\"Strona g\u0142\u00f3wna\",\"item\":\"https:\/\/amothrif.is\/\"},{\"@type\":\"ListItem\",\"position\":2,\"name\":\"Um okkur\"}]},{\"@type\":\"WebSite\",\"@id\":\"https:\/\/amothrif.is\/#website\",\"url\":\"https:\/\/amothrif.is\/\",\"name\":\"Amothrif\",\"description\":\"\u00ferif \u00e1 \u00edb\u00fa\u00f0um Reykjav\u00edk\",\"potentialAction\":[{\"@type\":\"SearchAction\",\"target\":{\"@type\":\"EntryPoint\",\"urlTemplate\":\"https:\/\/amothrif.is\/?s={search_term_string}\"},\"query-input\":{\"@type\":\"PropertyValueSpecification\",\"valueRequired\":true,\"valueName\":\"search_term_string\"}}],\"inLanguage\":\"en-GB\"}]}<\/script>\n<!-- \/ Yoast SEO plugin. -->","yoast_head_json":{"title":"Um okkur - AMO \u00ferif","robots":{"index":"index","follow":"follow","max-snippet":"max-snippet:-1","max-image-preview":"max-image-preview:large","max-video-preview":"max-video-preview:-1"},"canonical":"https:\/\/amothrif.is\/en\/um-okkur\/","og_locale":"en_GB","og_type":"article","og_title":"Um okkur - AMO \u00ferif","og_description":"Af hverju a\u00f0 velja AMO \u00ferif? Vi\u00f0 tr\u00faum \u00fev\u00ed a\u00f0 hreint umhverfi skapi betri l\u00ed\u00f0an, meiri r\u00f3 og fallegra heimili. \u00derif eru ekki bara vinna fyrir okkur \u2013 \u00feetta er \u00e1str\u00ed\u00f0a okkar og fag\u00feekking. AMO \u00ferif er l\u00edti\u00f0 fyrirt\u00e6ki \u00fear sem \u00e1n\u00e6gja vi\u00f0skiptavina skiptir mestu m\u00e1li. Vi\u00f0 vinnum ekki eftir klukkunni \u2013 vi\u00f0 f\u00f6rum ekki [&hellip;]","og_url":"https:\/\/amothrif.is\/en\/um-okkur\/","og_site_name":"AMO \u00ferif","article_modified_time":"2025-05-27T21:45:10+00:00","og_image":[{"url":"https:\/\/amothrif.is\/wp-content\/uploads\/2025\/05\/cleaning.webp","type":"","width":"","height":""}],"twitter_card":"summary_large_image","twitter_misc":{"Estimated reading time":"2 minutes"},"schema":{"@context":"https:\/\/schema.org","@graph":[{"@type":"WebPage","@id":"https:\/\/amothrif.is\/um-okkur\/","url":"https:\/\/amothrif.is\/um-okkur\/","name":"Um okkur - AMO \u00ferif","isPartOf":{"@id":"https:\/\/amothrif.is\/#website"},"primaryImageOfPage":{"@id":"https:\/\/amothrif.is\/um-okkur\/#primaryimage"},"image":{"@id":"https:\/\/amothrif.is\/um-okkur\/#primaryimage"},"thumbnailUrl":"https:\/\/amothrif.is\/wp-content\/uploads\/2025\/05\/cleaning.webp","datePublished":"2025-05-23T13:59:52+00:00","dateModified":"2025-05-27T21:45:10+00:00","breadcrumb":{"@id":"https:\/\/amothrif.is\/um-okkur\/#breadcrumb"},"inLanguage":"en-GB","potentialAction":[{"@type":"ReadAction","target":["https:\/\/amothrif.is\/um-okkur\/"]}]},{"@type":"ImageObject","inLanguage":"en-GB","@id":"https:\/\/amothrif.is\/um-okkur\/#primaryimage","url":"https:\/\/amothrif.is\/wp-content\/uploads\/2025\/05\/cleaning.webp","contentUrl":"https:\/\/amothrif.is\/wp-content\/uploads\/2025\/05\/cleaning.webp"},{"@type":"BreadcrumbList","@id":"https:\/\/amothrif.is\/um-okkur\/#breadcrumb","itemListElement":[{"@type":"ListItem","position":1,"name":"Strona g\u0142\u00f3wna","item":"https:\/\/amothrif.is\/"},{"@type":"ListItem","position":2,"name":"Um okkur"}]},{"@type":"WebSite","@id":"https:\/\/amothrif.is\/#website","url":"https:\/\/amothrif.is\/","name":"Amothrif","description":"\u00ferif \u00e1 \u00edb\u00fa\u00f0um Reykjav\u00edk","potentialAction":[{"@type":"SearchAction","target":{"@type":"EntryPoint","urlTemplate":"https:\/\/amothrif.is\/?s={search_term_string}"},"query-input":{"@type":"PropertyValueSpecification","valueRequired":true,"valueName":"search_term_string"}}],"inLanguage":"en-GB"}]}},"_links":{"self":[{"href":"https:\/\/amothrif.is\/en\/wp-json\/wp\/v2\/pages\/455","targetHints":{"allow":["GET"]}}],"collection":[{"href":"https:\/\/amothrif.is\/en\/wp-json\/wp\/v2\/pages"}],"about":[{"href":"https:\/\/amothrif.is\/en\/wp-json\/wp\/v2\/types\/page"}],"author":[{"embeddable":true,"href":"https:\/\/amothrif.is\/en\/wp-json\/wp\/v2\/users\/1"}],"replies":[{"embeddable":true,"href":"https:\/\/amothrif.is\/en\/wp-json\/wp\/v2\/comments?post=455"}],"version-history":[{"count":13,"href":"https:\/\/amothrif.is\/en\/wp-json\/wp\/v2\/pages\/455\/revisions"}],"predecessor-version":[{"id":522,"href":"https:\/\/amothrif.is\/en\/wp-json\/wp\/v2\/pages\/455\/revisions\/522"}],"wp:attachment":[{"href":"https:\/\/amothrif.is\/en\/wp-json\/wp\/v2\/media?parent=455"}],"curies":[{"name":"wp","href":"https:\/\/api.w.org\/{rel}","templated":true}]}}